{"id":1702,"date":"2020-07-07T05:12:21","date_gmt":"2020-07-07T05:12:21","guid":{"rendered":"http:\/\/domusiulii.it\/?post_type=product&#038;p=1702"},"modified":"2026-04-05T10:05:24","modified_gmt":"2026-04-05T10:05:24","slug":"camminata-sul-planino-e-visita-alle-cascate-kot","status":"publish","type":"product","link":"https:\/\/domusiulii.it\/ja\/prenotazione\/camminata-sul-planino-e-visita-alle-cascate-kot","title":{"rendered":"Camminata sul Planino e visita alle Cascate Kot"},"content":{"rendered":"<p>Cammineremo su alcuni degli ultimi grandi prati sfalciati delle Valli del Natisone, ricettacolo di una biodiversit\u00e0 sempre pi\u00f9 rara, e scopriremo come il castagno riusc\u00ec ad entrare nella vita di tutti i giorni e in tutti gli edifici di queste Valli: dalla cucina ai fienili.<br \/>\nCercheremo di capire i legami, spesso invisibili, che uniscono l&#8217;uomo e la natura. Una volta presenza perenne nella vita quotidiana, ora sta venendo pian piano abbandonata e dimenticata.<\/p>\n<p>Scenderemo quindi alle cascate Kot, in un angolo nascosto della valle dell&#8217;Erbezzo.<br \/>\nLungo il torrente che le genera passeremo accanto a testimonianze, ormai in rovina, del legame che univa l&#8217;uomo all&#8217;acqua. La leggenda narra che nei pressi della vicina grotta Star Cedad, che nel dialetto sloveno locale significa &#8220;Vecchia Cividale&#8221;, sorgeva la citt\u00e0 di Cividale. Un improvvisa piena scaturita dalle viscere di questa grotta avrebbe poi trasportato la citt\u00e0 fino a dove si trova ora.<\/p>\n<p>In questa camminata sarete accompagnati da Angelo, guida naturalistica, vi porter\u00e0 alla scoperta di un mondo incontaminato a contatto con la natura.<\/p>\n<p>&nbsp;<\/p>\n<p><strong>SERVIZI INCLUSI\/ESCLUSI<\/strong><\/p>\n<p><strong>Nella quota \u00e8 compreso:<\/strong><\/p>\n<ul>\n<li>Camminata di 2\/3 ore.<\/li>\n<\/ul>\n<ul>\n<li>Guida naturalistica.<\/li>\n<\/ul>\n<ul>\n<li>Assicurazione<\/li>\n<\/ul>\n<p><strong>Non \u00e8 compreso:<\/strong><\/p>\n<ul>\n<li>Tutto ci\u00f2 che non \u00e8 espressamente menzionato.<\/li>\n<\/ul>\n<ul>\n<li>Assicurazione annullamento facoltativa.<\/li>\n<\/ul>\n<p><strong>Dettaglio esperienza:<\/strong><\/p>\n<ul>\n<li>Ritrovo Piazza Duomo h. 9.00<\/li>\n<\/ul>\n<ul>\n<li>Camminata<\/li>\n<\/ul>\n<ul>\n<li>Rientro<\/li>\n<\/ul>\n<p>Per godere al meglio dell&#8217;esperienza si consiglia un abbigliamento comodo: scarpe da trekking, pantaloni lunghi, crema solare, bottigliette d&#8217;acqua.<\/p>\n<p>Difficolt\u00e0 bassa<\/p>\n<p><strong>Costi di cancellazione:<\/strong><\/p>\n<p>&nbsp;<\/p>\n<p>Il cliente pu\u00f2 cancellare gratuitamente fino a 7 giorni prima. Per le cancellazioni o mancate presentazioni oltre il suddetto termine verr\u00e0 addebitato l&#8217;intero importo della prenotazione.<\/p>\n<p>Ci riserviamo il diritto di apportare modifiche al programma per cause non dipendenti dalla nostra volont\u00e0.<\/p>\n<p>Si richiede l&#8217;uso obbligatorio della mascherina, e gel disinfettanti per le mani.<\/p>\n<p>In caso di leggera instabilit\u00e0 meteorologica l&#8217;escursione sar\u00e0 confermata.<br \/>\nSe previsto grave maltempo, o per impraticabilit\u00e0 del tracciato, l&#8217;escursione verr\u00e0 annullata o subir\u00e0 variazioni nel programma.<br \/>\nIn questo caso sarete avvisati tramite mail o sms.<\/p>","protected":false},"excerpt":{"rendered":"<p>Cammineremo su alcuni degli ultimi grandi prati sfalciati delle Valli del Natisone, ricettacolo di una biodiversit\u00e0 sempre pi\u00f9 rara, e scopriremo come il castagno riusc\u00ec ad entrare nella vita di tutti i giorni e in tutti gli edifici di queste Valli: dalla cucina ai fienili.<br \/>\nCercheremo di capire i legami, spesso invisibili, che uniscono l&#8217;uomo e la natura. Una volta presenza perenne nella vita quotidiana, ora sta venendo pian piano abbandonata e dimenticata.<\/p>\n<p>Scenderemo quindi alle cascate Kot, in un angolo nascosto della valle dell&#8217;Erbezzo.<br \/>\nLungo il torrente che le genera passeremo accanto a testimonianze, ormai in rovina, del legame che univa l&#8217;uomo all&#8217;acqua. La leggenda narra che nei pressi della vicina grotta Star Cedad, che nel dialetto sloveno locale significa &#8220;Vecchia Cividale&#8221;, sorgeva la citt\u00e0 di Cividale. Un improvvisa piena scaturita dalle viscere di questa grotta avrebbe poi trasportato la citt\u00e0 fino a dove si trova ora.<\/p>\n<p>In questa camminata sarete accompagnati da Angelo, guida naturalistica, vi porter\u00e0 alla scoperta di un mondo incontaminato a contatto con la natura.<\/p>\n<p>Il numero minimo di partecipanti per questa escursione \u00e9 di 4 persone. Se non si dovesse raggiungere il numero minimo o le condizioni necessarie, verrete contattati per riprogrammare l&#8217;esperienza o verrete rimborsati.<\/p>\n<p><strong>SERVIZI INCLUSI\/ESCLUSI<\/strong><\/p>\n<p><strong>Nella quota \u00e8 compreso:<\/strong><\/p>\n<ul>\n<li>Camminata di 2\/3 ore.<\/li>\n<\/ul>\n<ul>\n<li>Guida naturalistica.<\/li>\n<\/ul>\n<ul>\n<li>Assicurazione<\/li>\n<\/ul>\n<p><strong>Non \u00e8 compreso:<\/strong><\/p>\n<ul>\n<li>Tutto ci\u00f2 che non \u00e8 espressamente menzionato.<\/li>\n<\/ul>\n<ul>\n<li>Assicurazione annullamento facoltativa.<\/li>\n<\/ul>\n<p><strong>Dettaglio esperienza:<\/strong><\/p>\n<ul>\n<li>Ritrovo Piazza Duomo h. 9.00<\/li>\n<\/ul>\n<ul>\n<li>Camminata<\/li>\n<\/ul>\n<ul>\n<li>Rientro<\/li>\n<\/ul>\n<p>Per godere al meglio dell&#8217;esperienza si consiglia un abbigliamento comodo: scarpe da trekking, pantaloni lunghi, crema solare, bottigliette d&#8217;acqua.<\/p>\n<p>Difficolt\u00e0 bassa<\/p>\n<p><strong>Costi di cancellazione:<\/strong><\/p>\n<p>\u00a0<\/p>\n<p>Il cliente pu\u00f2 cancellare gratuitamente fino a 7 giorni prima. Per le cancellazioni o mancate presentazioni oltre il suddetto termine verr\u00e0 addebitato l&#8217;intero importo della prenotazione.<\/p>\n<p>Ci riserviamo il diritto di apportare modifiche al programma per cause non dipendenti dalla nostra volont\u00e0.<\/p>\n<p>Si richiede l&#8217;uso obbligatorio della mascherina, e gel disinfettanti per le mani.<\/p>\n<p>In caso di leggera instabilit\u00e0 meteorologica l&#8217;escursione sar\u00e0 confermata.<br \/>\nSe previsto grave maltempo, o per impraticabilit\u00e0 del tracciato, l&#8217;escursione verr\u00e0 annullata o subir\u00e0 variazioni nel programma.<br \/>\nIn questo caso sarete avvisati tramite mail o sms.<\/p>","protected":false},"featured_media":1714,"comment_status":"open","ping_status":"closed","template":"","meta":[],"product_cat":[29],"product_tag":[],"gestione-modulo-di-prenotazione":[54],"_links":{"self":[{"href":"https:\/\/domusiulii.it\/ja\/wp-json\/wp\/v2\/product\/1702"}],"collection":[{"href":"https:\/\/domusiulii.it\/ja\/wp-json\/wp\/v2\/product"}],"about":[{"href":"https:\/\/domusiulii.it\/ja\/wp-json\/wp\/v2\/types\/product"}],"replies":[{"embeddable":true,"href":"https:\/\/domusiulii.it\/ja\/wp-json\/wp\/v2\/comments?post=1702"}],"wp:featuredmedia":[{"embeddable":true,"href":"https:\/\/domusiulii.it\/ja\/wp-json\/wp\/v2\/media\/1714"}],"wp:attachment":[{"href":"https:\/\/domusiulii.it\/ja\/wp-json\/wp\/v2\/media?parent=1702"}],"wp:term":[{"taxonomy":"product_cat","embeddable":true,"href":"https:\/\/domusiulii.it\/ja\/wp-json\/wp\/v2\/product_cat?post=1702"},{"taxonomy":"product_tag","embeddable":true,"href":"https:\/\/domusiulii.it\/ja\/wp-json\/wp\/v2\/product_tag?post=1702"},{"taxonomy":"gestione-modulo-di-prenotazione","embeddable":true,"href":"https:\/\/domusiulii.it\/ja\/wp-json\/wp\/v2\/gestione-modulo-di-prenotazione?post=1702"}],"curies":[{"name":"wp","href":"https:\/\/api.w.org\/{rel}","templated":true}]}}