{"id":1701,"date":"2020-07-07T05:08:05","date_gmt":"2020-07-07T05:08:05","guid":{"rendered":"http:\/\/domusiulii.it\/?post_type=product&#038;p=1701"},"modified":"2026-04-05T10:06:12","modified_gmt":"2026-04-05T10:06:12","slug":"camminata-tra-le-trincee-del-kolovrat","status":"publish","type":"product","link":"https:\/\/domusiulii.it\/ja\/prenotazione\/camminata-tra-le-trincee-del-kolovrat","title":{"rendered":"Camminata tra le trincee del Kolovrat"},"content":{"rendered":"<p>Cominceremo la nostra camminata al cospetto del monumento al primo soldato italiano caduto nella Prima Guerra Mondiale. Lungo il fronte che venne sfondato durante la Rotta di Caporetto rievocheremo le gesta di Rommel e ripercorreremo i passi dei soldati italiani ed austro-tedeschi che qui combatterono. Entreremo nelle trincee in cui essi vivevano e dalle quali avremo degli scorci sulla sottostante valle dell\u2019Isonzo e sul Monte Nero.<\/p>\n<p>Attraverso gallerie e postazioni di mitragliatrici scopriremo i luoghi delle terza linea italiana centrali nella battaglia che avvenne tra il 24 e il 26 ottobre 1917.<\/p>\n<p>In questa camminata nel passato sarete accompagnati da Nico, laureato in storia, collabora con la proloco delle Valli del Natisone attiva sul territorio per far scoprire la magia di un mondo incontaminato.<\/p>\n<p>&nbsp;<\/p>\n<p><strong>SERVIZI INCLUSI\/ESCLUSI<\/strong><\/p>\n<p><strong>Nella quota \u00e8 compreso:<\/strong><\/p>\n<ul>\n<li>Camminata di 2 ore circa.<\/li>\n<\/ul>\n<ul>\n<li>Guida storica.<\/li>\n<\/ul>\n<ul>\n<li>Assicurazione<\/li>\n<\/ul>\n<p><strong>Non \u00e8 compreso:<\/strong><\/p>\n<ul>\n<li>Tutto ci\u00f2 che non \u00e8 espressamente menzionato.<\/li>\n<\/ul>\n<ul>\n<li>Assicurazione annullamento facoltativa.<\/li>\n<\/ul>\n<p><strong>Dettaglio esperienza:<\/strong><\/p>\n<ul>\n<li>Ritrovo Piazza Duomo h. 9.00<\/li>\n<\/ul>\n<ul>\n<li>Camminata<\/li>\n<\/ul>\n<ul>\n<li>Rientro<\/li>\n<\/ul>\n<p>Per godere al meglio dell&#8217;esperienza si consiglia un abbigliamento comodo: scarpe da trekking, pantaloni lunghi, crema solare, bottigliette d&#8217;acqua.<\/p>\n<p>Difficolt\u00e0 bassa<\/p>\n<p><strong>Costi di cancellazione:<\/strong><\/p>\n<p>&nbsp;<\/p>\n<p>Il cliente pu\u00f2 cancellare gratuitamente fino a 7 giorni prima. Per le cancellazioni o mancate presentazioni oltre il suddetto termine verr\u00e0 addebitato l&#8217;intero importo della prenotazione.<\/p>\n<p>Questa \u00e8 un&#8217;esperienza pensata per voi, ma siamo disponibili ad eventuali modifiche per venire incontro alle vostre esigenze.<\/p>\n<p>Ci riserviamo il diritto di apportare modifiche al programma per cause non dipendenti dalla nostra volont\u00e0.<\/p>\n<p>Si richiede l&#8217;uso obbligatorio della mascherina.<\/p>\n<p>In caso di leggera instabilit\u00e0 meteorologica l&#8217;escursione sar\u00e0 confermata.<br \/>\nSe previsto grave maltempo, o per impraticabilit\u00e0 del tracciato, l&#8217;escursione verr\u00e0 annullata o subir\u00e0 variazioni nel programma.<br \/>\nIn questo caso sarete avvisati tramite mail o sms.<\/p>","protected":false},"excerpt":{"rendered":"<p>Cominceremo la nostra camminata al cospetto del monumento al primo soldato italiano caduto nella Prima Guerra Mondiale. Lungo il fronte che venne sfondato durante la Rotta di Caporetto rievocheremo le gesta di Rommel e ripercorreremo i passi dei soldati italiani ed austro-tedeschi che qui combatterono. Entreremo nelle trincee in cui essi vivevano e dalle quali avremo degli scorci sulla sottostante valle dell\u2019Isonzo e sul Monte Nero.<\/p>\n<p>Attraverso gallerie e postazioni di mitragliatrici scopriremo i luoghi delle terza linea italiana centrali nella battaglia che avvenne tra il 24 e il 26 ottobre 1917.<\/p>\n<p>In questa camminata nel passato sarete accompagnati da Nico, laureato in storia, collabora con la proloco delle Valli del Natisone attiva sul territorio per far scoprire la magia di un mondo incontaminato.<\/p>\n<p>Il numero minimo di partecipanti per questa escursione \u00e9 di 4 persone. Se non si dovesse raggiungere il numero minimo o le condizioni necessarie, verrete contattati per riprogrammare l&#8217;esperienza o verrete rimborsati.<\/p>\n<p>\u00a0<\/p>\n<p>\u00a0<\/p>\n<p><strong>SERVIZI INCLUSI\/ESCLUSI<\/strong><\/p>\n<p><strong>Nella quota \u00e8 compreso:<\/strong><\/p>\n<ul>\n<li>Camminata di 2 ore circa.<\/li>\n<\/ul>\n<ul>\n<li>Guida storica.<\/li>\n<\/ul>\n<ul>\n<li>Assicurazione<\/li>\n<\/ul>\n<p><strong>Non \u00e8 compreso:<\/strong><\/p>\n<ul>\n<li>Tutto ci\u00f2 che non \u00e8 espressamente menzionato.<\/li>\n<\/ul>\n<ul>\n<li>Assicurazione annullamento facoltativa.<\/li>\n<\/ul>\n<p><strong>Dettaglio esperienza:<\/strong><\/p>\n<ul>\n<li>Ritrovo Piazza Duomo h. 9.00<\/li>\n<\/ul>\n<ul>\n<li>Camminata<\/li>\n<\/ul>\n<ul>\n<li>Rientro<\/li>\n<\/ul>\n<p>Per godere al meglio dell&#8217;esperienza si consiglia un abbigliamento comodo: scarpe da trekking, pantaloni lunghi, crema solare, bottigliette d&#8217;acqua.<\/p>\n<p>Difficolt\u00e0 bassa<\/p>\n<p><strong>Costi di cancellazione:<\/strong><\/p>\n<p>\u00a0<\/p>\n<p>Il cliente pu\u00f2 cancellare gratuitamente fino a 7 giorni prima. Per le cancellazioni o mancate presentazioni oltre il suddetto termine verr\u00e0 addebitato l&#8217;intero importo della prenotazione.<\/p>\n<p>Questa \u00e8 un&#8217;esperienza pensata per voi, ma siamo disponibili ad eventuali modifiche per venire incontro alle vostre esigenze.<\/p>\n<p>Ci riserviamo il diritto di apportare modifiche al programma per cause non dipendenti dalla nostra volont\u00e0.<\/p>\n<p>Si richiede l&#8217;uso obbligatorio della mascherina.<\/p>\n<p>In caso di leggera instabilit\u00e0 meteorologica l&#8217;escursione sar\u00e0 confermata.<br \/>\nSe previsto grave maltempo, o per impraticabilit\u00e0 del tracciato, l&#8217;escursione verr\u00e0 annullata o subir\u00e0 variazioni nel programma.<br \/>\nIn questo caso sarete avvisati tramite mail o sms.<\/p>","protected":false},"featured_media":1718,"comment_status":"open","ping_status":"closed","template":"","meta":[],"product_cat":[29],"product_tag":[],"gestione-modulo-di-prenotazione":[54],"_links":{"self":[{"href":"https:\/\/domusiulii.it\/ja\/wp-json\/wp\/v2\/product\/1701"}],"collection":[{"href":"https:\/\/domusiulii.it\/ja\/wp-json\/wp\/v2\/product"}],"about":[{"href":"https:\/\/domusiulii.it\/ja\/wp-json\/wp\/v2\/types\/product"}],"replies":[{"embeddable":true,"href":"https:\/\/domusiulii.it\/ja\/wp-json\/wp\/v2\/comments?post=1701"}],"wp:featuredmedia":[{"embeddable":true,"href":"https:\/\/domusiulii.it\/ja\/wp-json\/wp\/v2\/media\/1718"}],"wp:attachment":[{"href":"https:\/\/domusiulii.it\/ja\/wp-json\/wp\/v2\/media?parent=1701"}],"wp:term":[{"taxonomy":"product_cat","embeddable":true,"href":"https:\/\/domusiulii.it\/ja\/wp-json\/wp\/v2\/product_cat?post=1701"},{"taxonomy":"product_tag","embeddable":true,"href":"https:\/\/domusiulii.it\/ja\/wp-json\/wp\/v2\/product_tag?post=1701"},{"taxonomy":"gestione-modulo-di-prenotazione","embeddable":true,"href":"https:\/\/domusiulii.it\/ja\/wp-json\/wp\/v2\/gestione-modulo-di-prenotazione?post=1701"}],"curies":[{"name":"wp","href":"https:\/\/api.w.org\/{rel}","templated":true}]}}