{"id":921,"date":"2020-06-01T07:27:43","date_gmt":"2020-06-01T07:27:43","guid":{"rendered":"http:\/\/domusiulii.it\/?post_type=product&#038;p=921"},"modified":"2024-03-22T06:50:52","modified_gmt":"2024-03-22T06:50:52","slug":"mani-in-pasta","status":"publish","type":"product","link":"https:\/\/domusiulii.it\/de\/prenotazione\/mani-in-pasta","title":{"rendered":"Mani in pasta"},"content":{"rendered":"<p>Die GUBANA gilt seit 1400 als das typische Dessert der friaulischen Tradition, als sie zum ersten Mal bei einem Bankett zu Ehren des Besuchs von PAPA GREGORIO XII in Cividale serviert wurde.<\/p>\n<p>Urspr\u00fcnglich aus den Natisone-T\u00e4lern stammend, gilt sie als typische Nachspeise der Festlichkeiten und ist offiziell als traditionelles Agrarnahrungsmittel des italienischen Staates anerkannt.<\/p>\n<p>Der antike DORBOLO\"-Ofen in San Pietro al Natisone bewahrt unver\u00e4ndert das alte, von Generationen \u00fcberlieferte Rezept. Jessica und Joelle lassen Sie das Labor betreten und mit ihnen werden Sie jeden Schritt kennen, vom Kneten des Teigs, \u00fcber seine s\u00fc\u00dfe F\u00fcllung, die typische Spiralform bis hin zum Kochen, am Ende der Erfahrung werden Sie Ihrer Gubana Leben eingehaucht haben.<\/p>\n<p>Im Preis:<\/p>\n<p>&#8211; ingresso in laboratorio attivo con degustazione e gubana realizzata da voi<\/p>\n<p>&#8211; succo di mela<\/p>\n<p>&#8211; abbigliamento adeguato fornito dal Forno Dorbol\u00f2 per entare nel laboratorio<\/p>\n<p>&#8211; assicurazione<\/p>\n<p>Nicht im Preis:<\/p>\n<p>&#8211; tutto ci\u00f2 che non \u00e8 espressamente menzionato<\/p>\n<p>&nbsp;<\/p>\n<p>Details:<\/p>\n<p>&#8211; ingresso al laboratorio h.11.00<\/p>\n<p>&#8211; degustazione<\/p>\n<p>Ihre Gubanen werden am Abend gebacken und Ihnen im B&amp;B Domus Iulii geliefert.   Um das Erlebnis in vollen Z\u00fcgen genie\u00dfen zu k\u00f6nnen, empfehlen wir bequeme Kleidung.<\/p>\n<p>&nbsp;<\/p>\n<p>Per godere al meglio dell&#8217;esperienza si consiglia un abbigliamento comodo<\/p>\n<p>Niedriger Schwierigkeitsgrad<\/p>\n<p>Annullierungskosten:<br \/>\nil cliente pu\u00f2 cancellare gratuitamente fino a 7 giorni prima. Per le cancellazioni o mancate presentazioni oltre il suddetto termine verr\u00e0 addebitato l&#8217;intero importo della prenotazione.<\/p>\n<p>Dies ist eine Erfahrung, die f\u00fcr Sie bestimmt ist, aber wir sind offen f\u00fcr alle \u00c4nderungen, um Ihren Bed\u00fcrfnissen gerecht zu werden.<\/p>\n<p>Wir behalten uns das Recht vor, aus Gr\u00fcnden, die au\u00dferhalb unserer Kontrolle liegen, \u00c4nderungen am Programm vorzunehmen.<\/p>","protected":false},"excerpt":{"rendered":"<p>Die GUBANA gilt seit 1400 als das typische Dessert der friaulischen Tradition, als sie zum ersten Mal bei einem Bankett zu Ehren des Besuchs von PAPA GREGORIO XII in Cividale serviert wurde.<\/p>\n<p>Urspr\u00fcnglich aus den Natisone-T\u00e4lern stammend, gilt sie als typische Nachspeise der Festlichkeiten und ist offiziell als traditionelles Agrarnahrungsmittel des italienischen Staates anerkannt.<\/p>\n<p>Der antike DORBOLO\"-Ofen in San Pietro al Natisone bewahrt unver\u00e4ndert das alte, von Generationen \u00fcberlieferte Rezept. Jessica und Joelle lassen Sie das Labor betreten und mit ihnen werden Sie jeden Schritt kennen, vom Kneten des Teigs, \u00fcber seine s\u00fc\u00dfe F\u00fcllung, die typische Spiralform bis hin zum Kochen, am Ende der Erfahrung werden Sie Ihrer Gubana Leben eingehaucht haben.<\/p>\n<p>Il numero minimo di partecipanti per questa escursione \u00e9 di 8 persone. Se non si dovesse raggiungere il numero minimo o le condizioni necessarie, verrete contattati per riprogrammare l&#8217;esperienza o verrete rimborsati.<\/p>\n<p><strong>Im Preis\/Nicht Im Preis<\/strong><\/p>\n<p><strong>Im Preis:<\/strong><\/p>\n<ul>\n<li>Trasporto A\/R B&#038;B- Forno Dorbol\u00f2 a San Pietro al Natisone.<\/li>\n<\/ul>\n<ul>\n<li>Eintritt zum Aktiv-Workshop mit Verkostung und von Ihnen hergestellter Gubana.<\/li>\n<\/ul>\n<ul>\n<li>Apfelsaft<\/li>\n<\/ul>\n<ul>\n<li>Geeignete Kleidung, die von Forno Dorbol\u00f2 zur Verf\u00fcgung gestellt wurde, um das Labor zu betreten.<\/li>\n<\/ul>\n<ul>\n<li>-----<\/li>\n<\/ul>\n<p><strong>Nicht im Preis:<\/strong><\/p>\n<ul>\n<li>Alles, was nicht ausdr\u00fccklich erw\u00e4hnt wird.<\/li>\n<\/ul>\n<ul>\n<li>Optionale Reiser\u00fccktrittsversicherung.<\/li>\n<\/ul>\n<p><strong>Details:<\/strong><\/p>\n<ul>\n<li>Treffen auf der Piazza Duomo h. 10.30 Uhr<\/li>\n<\/ul>\n<ul>\n<li>Eintritt zum Workshop h.11.00<\/li>\n<\/ul>\n<ul>\n<li>Degustazione<\/li>\n<\/ul>\n<ul>\n<li>Zur\u00fcck<\/li>\n<\/ul>\n<p>Le vostre gubane verranno sfornate la sera e vi saranno recapitate presso il B&#038;B Domus iulii.<\/p>\n<p>Um das Erlebnis in vollen Z\u00fcgen genie\u00dfen zu k\u00f6nnen, empfehlen wir bequeme Kleidung.<\/p>\n<p>Niedriger Schwierigkeitsgrad<\/p>\n<p><strong>Annullierungskosten:<\/strong><\/p>\n<p>\u00a0<\/p>\n<p>Der Kunde kann bis zu 7 Tage im Voraus kostenfrei stornieren. Bei Stornierungen oder Nichterscheinen nach dieser Frist wird der volle Betrag der Reservierung in Rechnung gestellt.<\/p>\n<p>Dies ist eine Erfahrung, die f\u00fcr Sie bestimmt ist, aber wir sind offen f\u00fcr alle \u00c4nderungen, um Ihren Bed\u00fcrfnissen gerecht zu werden.<\/p>\n<p>Wir behalten uns das Recht vor, aus Gr\u00fcnden, die au\u00dferhalb unserer Kontrolle liegen, \u00c4nderungen am Programm vorzunehmen.<\/p>\n<p>Die Verwendung der Maske ist  erforderlich.<\/p>","protected":false},"featured_media":922,"comment_status":"open","ping_status":"closed","template":"","meta":[],"product_cat":[29],"product_tag":[],"gestione-modulo-di-prenotazione":[54],"_links":{"self":[{"href":"https:\/\/domusiulii.it\/de\/wp-json\/wp\/v2\/product\/921"}],"collection":[{"href":"https:\/\/domusiulii.it\/de\/wp-json\/wp\/v2\/product"}],"about":[{"href":"https:\/\/domusiulii.it\/de\/wp-json\/wp\/v2\/types\/product"}],"replies":[{"embeddable":true,"href":"https:\/\/domusiulii.it\/de\/wp-json\/wp\/v2\/comments?post=921"}],"wp:featuredmedia":[{"embeddable":true,"href":"https:\/\/domusiulii.it\/de\/wp-json\/wp\/v2\/media\/922"}],"wp:attachment":[{"href":"https:\/\/domusiulii.it\/de\/wp-json\/wp\/v2\/media?parent=921"}],"wp:term":[{"taxonomy":"product_cat","embeddable":true,"href":"https:\/\/domusiulii.it\/de\/wp-json\/wp\/v2\/product_cat?post=921"},{"taxonomy":"product_tag","embeddable":true,"href":"https:\/\/domusiulii.it\/de\/wp-json\/wp\/v2\/product_tag?post=921"},{"taxonomy":"gestione-modulo-di-prenotazione","embeddable":true,"href":"https:\/\/domusiulii.it\/de\/wp-json\/wp\/v2\/gestione-modulo-di-prenotazione?post=921"}],"curies":[{"name":"wp","href":"https:\/\/api.w.org\/{rel}","templated":true}]}}