{"id":841,"date":"2020-05-31T16:47:15","date_gmt":"2020-05-31T16:47:15","guid":{"rendered":"http:\/\/domusiulii.it\/?post_type=product&#038;p=841"},"modified":"2026-04-14T15:59:11","modified_gmt":"2026-04-14T15:59:11","slug":"camera-rossa","status":"publish","type":"product","link":"https:\/\/domusiulii.it\/de\/prenotazione\/camera-rossa","title":{"rendered":"Das Rote Zimmer"},"content":{"rendered":"<p>LA CAMERA ROSSA, affacciata anch&#8217;essa sul cortiletto tipico di una domus romana, \u00e8 dotata di tutti i confort di un&#8217;epoca moderna in contrapposizione con il calore ed il gusto antico delle camere di una volta che si ritrovano nel baule in legno ai piedi del letto, nei tappeti, nel lampadario, e nella confortevole poltrona, il tutto con un tocco di rosso a caratterizzare la camera. Un bagno spazioso con doccia ed accessori per il vostro soggiorno, aria condizionata, riscaldameno, tv a schermo piatto e connessione wi-fi per rendere il vostro soggiorno piacevole.<\/p>","protected":false},"excerpt":{"rendered":"<p>DAS ROTE ZIMMER, das ebenfalls den f\u00fcr eine r\u00f6mische Domus typischen Innenhof \u00fcberblickt, ist mit allen Annehmlichkeiten einer modernen Epoche ausgestattet -  im Gegensatz zu der W\u00e4rme und dem antiken Geschmack der Zimmer der Vergangenheit, die sich in dem Holzkoffer am Fu\u00df des Bettes, den Teppichen,<span class=\"Apple-converted-space\">\u00a0 <\/span>dem Kronleuchter und dem bequemen Sessel wiederfinden, die alle einen Hauch von Rot haben, um den Raum zu charakterisieren. Ein ger\u00e4umiges Badezimmer mit Dusche und Zubeh\u00f6r f\u00fcr Ihren Aufenthalt, Klimaanlage, Heizung, Flachbildfernseher und Wi-Fi-Anschluss, um Ihren Aufenthalt angenehm zu gestalten.<\/p>","protected":false},"featured_media":848,"comment_status":"open","ping_status":"closed","template":"","meta":[],"product_cat":[28],"product_tag":[],"gestione-modulo-di-prenotazione":[],"_links":{"self":[{"href":"https:\/\/domusiulii.it\/de\/wp-json\/wp\/v2\/product\/841"}],"collection":[{"href":"https:\/\/domusiulii.it\/de\/wp-json\/wp\/v2\/product"}],"about":[{"href":"https:\/\/domusiulii.it\/de\/wp-json\/wp\/v2\/types\/product"}],"replies":[{"embeddable":true,"href":"https:\/\/domusiulii.it\/de\/wp-json\/wp\/v2\/comments?post=841"}],"wp:featuredmedia":[{"embeddable":true,"href":"https:\/\/domusiulii.it\/de\/wp-json\/wp\/v2\/media\/848"}],"wp:attachment":[{"href":"https:\/\/domusiulii.it\/de\/wp-json\/wp\/v2\/media?parent=841"}],"wp:term":[{"taxonomy":"product_cat","embeddable":true,"href":"https:\/\/domusiulii.it\/de\/wp-json\/wp\/v2\/product_cat?post=841"},{"taxonomy":"product_tag","embeddable":true,"href":"https:\/\/domusiulii.it\/de\/wp-json\/wp\/v2\/product_tag?post=841"},{"taxonomy":"gestione-modulo-di-prenotazione","embeddable":true,"href":"https:\/\/domusiulii.it\/de\/wp-json\/wp\/v2\/gestione-modulo-di-prenotazione?post=841"}],"curies":[{"name":"wp","href":"https:\/\/api.w.org\/{rel}","templated":true}]}}