{"id":818,"date":"2020-05-31T15:58:22","date_gmt":"2020-05-31T15:58:22","guid":{"rendered":"http:\/\/domusiulii.it\/?post_type=product&#038;p=818"},"modified":"2026-04-10T15:44:04","modified_gmt":"2026-04-10T15:44:04","slug":"camera-verde","status":"publish","type":"product","link":"https:\/\/domusiulii.it\/de\/prenotazione\/camera-verde","title":{"rendered":"Das Gr\u00fcne Zimmer"},"content":{"rendered":"<p>LA CAMERA VERDE, la vista sulla citt\u00e0 e sulla statua di Giulio Cesare ve la faranno amare.\u00a0Un arredamento a met\u00e0 tra lo storico ed il moderno, con un baule verticale, una scrivania in legno, una poltroncina d&#8217;epoca, quadri ed oggetti dal calore antico. Il tutto mescolato con la modernit\u00e0 di un bagno privato con doccia ed accessori per il vostro soggiorno, riscaldamento, aria condizionata, connessione wi-fi, tv a schermo piatto.<\/p>","protected":false},"excerpt":{"rendered":"<p>DAS GR\u00dcNE ZIMMER, der Blick auf die Stadt und die Statue von Julius C\u00e4sar werden Sie lieben. Ein M\u00f6belst\u00fcck auf halbem Weg zwischen historisch und modern, mit einem vertikalen Stamm, einem Holzschreibtisch, einem Stilsessel, Gem\u00e4lden und Objekten von alter W\u00e4rme. Alles gemischt mit der Modernit\u00e4t eines privaten Badezimmers mit Dusche und Accessoires f\u00fcr Ihren Aufenthalt, Heizung, Klimaanlage, Wi-Fi-Anschluss, Flachbildfernseher.<\/p>","protected":false},"featured_media":834,"comment_status":"open","ping_status":"closed","template":"","meta":[],"product_cat":[28],"product_tag":[],"gestione-modulo-di-prenotazione":[],"_links":{"self":[{"href":"https:\/\/domusiulii.it\/de\/wp-json\/wp\/v2\/product\/818"}],"collection":[{"href":"https:\/\/domusiulii.it\/de\/wp-json\/wp\/v2\/product"}],"about":[{"href":"https:\/\/domusiulii.it\/de\/wp-json\/wp\/v2\/types\/product"}],"replies":[{"embeddable":true,"href":"https:\/\/domusiulii.it\/de\/wp-json\/wp\/v2\/comments?post=818"}],"wp:featuredmedia":[{"embeddable":true,"href":"https:\/\/domusiulii.it\/de\/wp-json\/wp\/v2\/media\/834"}],"wp:attachment":[{"href":"https:\/\/domusiulii.it\/de\/wp-json\/wp\/v2\/media?parent=818"}],"wp:term":[{"taxonomy":"product_cat","embeddable":true,"href":"https:\/\/domusiulii.it\/de\/wp-json\/wp\/v2\/product_cat?post=818"},{"taxonomy":"product_tag","embeddable":true,"href":"https:\/\/domusiulii.it\/de\/wp-json\/wp\/v2\/product_tag?post=818"},{"taxonomy":"gestione-modulo-di-prenotazione","embeddable":true,"href":"https:\/\/domusiulii.it\/de\/wp-json\/wp\/v2\/gestione-modulo-di-prenotazione?post=818"}],"curies":[{"name":"wp","href":"https:\/\/api.w.org\/{rel}","templated":true}]}}