{"id":808,"date":"2020-05-31T15:45:41","date_gmt":"2020-05-31T15:45:41","guid":{"rendered":"http:\/\/domusiulii.it\/?post_type=product&#038;p=808"},"modified":"2026-04-14T09:39:15","modified_gmt":"2026-04-14T09:39:15","slug":"camera-gialla","status":"publish","type":"product","link":"https:\/\/domusiulii.it\/de\/prenotazione\/camera-gialla","title":{"rendered":"Das Gelbe Zimmer"},"content":{"rendered":"<p>LA CAMERA GIALLA, si affaccia su un grazioso cavedio, un cortile interno tipico della casa romana antica, era lo spazio scoperto al centro della domus. Un arredamento dal gusto antico con letti d&#8217;epoca, scrivania e sedie che ricordano quelli della nonna, i copriletti rigorosamente cuciti a mano, ed il confort dei giorni attuali nel bagno privato con doccia ed accessori per il vostro soggiorno, riscaldamento, aria condizionata, tv a schermo piatto e connessione wi-fi.<\/p>","protected":false},"excerpt":{"rendered":"<p>DAS GELBE ZIMMER, mit Blick auf einen h\u00fcbschen D\u00f6bel, ein f\u00fcr das antike r\u00f6mische Haus typischer Innenhof, war der offene Raum in der Mitte der Domus. Eine Einrichtung im antiken Stil mit antiken Betten, Schreibtisch und St\u00fchlen, die an die von Gro\u00dfmutter erinnern,<span class=\"Apple-converted-space\">\u00a0 <\/span>die streng von Hand gen\u00e4hten Tagesdecken und der Komfort der Gegenwart im privaten Badezimmer mit Dusche und Accessoires f\u00fcr Ihren Aufenthalt, Heizung, Klimaanlage, Flachbildfernseher und Wi-Fi-Anschluss.<\/p>","protected":false},"featured_media":814,"comment_status":"open","ping_status":"closed","template":"","meta":[],"product_cat":[28],"product_tag":[],"gestione-modulo-di-prenotazione":[],"_links":{"self":[{"href":"https:\/\/domusiulii.it\/de\/wp-json\/wp\/v2\/product\/808"}],"collection":[{"href":"https:\/\/domusiulii.it\/de\/wp-json\/wp\/v2\/product"}],"about":[{"href":"https:\/\/domusiulii.it\/de\/wp-json\/wp\/v2\/types\/product"}],"replies":[{"embeddable":true,"href":"https:\/\/domusiulii.it\/de\/wp-json\/wp\/v2\/comments?post=808"}],"wp:featuredmedia":[{"embeddable":true,"href":"https:\/\/domusiulii.it\/de\/wp-json\/wp\/v2\/media\/814"}],"wp:attachment":[{"href":"https:\/\/domusiulii.it\/de\/wp-json\/wp\/v2\/media?parent=808"}],"wp:term":[{"taxonomy":"product_cat","embeddable":true,"href":"https:\/\/domusiulii.it\/de\/wp-json\/wp\/v2\/product_cat?post=808"},{"taxonomy":"product_tag","embeddable":true,"href":"https:\/\/domusiulii.it\/de\/wp-json\/wp\/v2\/product_tag?post=808"},{"taxonomy":"gestione-modulo-di-prenotazione","embeddable":true,"href":"https:\/\/domusiulii.it\/de\/wp-json\/wp\/v2\/gestione-modulo-di-prenotazione?post=808"}],"curies":[{"name":"wp","href":"https:\/\/api.w.org\/{rel}","templated":true}]}}