{"id":714,"date":"2020-05-31T06:38:41","date_gmt":"2020-05-31T06:38:41","guid":{"rendered":"http:\/\/domusiulii.it\/?post_type=product&#038;p=714"},"modified":"2026-04-13T11:29:38","modified_gmt":"2026-04-13T11:29:38","slug":"camera-blu","status":"publish","type":"product","link":"https:\/\/domusiulii.it\/de\/prenotazione\/camera-blu","title":{"rendered":"Das Blaue Zimmer"},"content":{"rendered":"<p>DAS BLAUE ZIMMER betreten Sie es, und Sie werden fasziniert  vom Kontrast einer Steinmauer mit der W\u00e4rme der Holzdecke, von M\u00f6beln aus dem fr\u00fchen 20. Jahrhundert, antiken Teppichen, Gegenst\u00e4nden und Gem\u00e4lden der damaligen Zeit sein. Eine n\u00fcchterne und raffinierte Umgebung mit privatem Badezimmer mit Dusche und Accessoires f\u00fcr Ihren Aufenthalt, Wi-Fi-Anschluss, Heizung, Klimaanlage und Flachbildfernseher.<\/p>","protected":false},"excerpt":{"rendered":"<p>DAS BLAUE ZIMMER betreten Sie es, und Sie werden fasziniert  vom Kontrast einer Steinmauer mit der W\u00e4rme der Holzdecke, von M\u00f6beln aus dem fr\u00fchen 20. Jahrhundert, antiken Teppichen, Gegenst\u00e4nden und Gem\u00e4lden der damaligen Zeit sein. Eine n\u00fcchterne und raffinierte Umgebung mit privatem Badezimmer mit Dusche und Accessoires f\u00fcr Ihren Aufenthalt, Wi-Fi-Anschluss, Heizung, Klimaanlage und Flachbildfernseher.<\/p>","protected":false},"featured_media":727,"comment_status":"open","ping_status":"closed","template":"","meta":[],"product_cat":[28],"product_tag":[],"gestione-modulo-di-prenotazione":[],"_links":{"self":[{"href":"https:\/\/domusiulii.it\/de\/wp-json\/wp\/v2\/product\/714"}],"collection":[{"href":"https:\/\/domusiulii.it\/de\/wp-json\/wp\/v2\/product"}],"about":[{"href":"https:\/\/domusiulii.it\/de\/wp-json\/wp\/v2\/types\/product"}],"replies":[{"embeddable":true,"href":"https:\/\/domusiulii.it\/de\/wp-json\/wp\/v2\/comments?post=714"}],"wp:featuredmedia":[{"embeddable":true,"href":"https:\/\/domusiulii.it\/de\/wp-json\/wp\/v2\/media\/727"}],"wp:attachment":[{"href":"https:\/\/domusiulii.it\/de\/wp-json\/wp\/v2\/media?parent=714"}],"wp:term":[{"taxonomy":"product_cat","embeddable":true,"href":"https:\/\/domusiulii.it\/de\/wp-json\/wp\/v2\/product_cat?post=714"},{"taxonomy":"product_tag","embeddable":true,"href":"https:\/\/domusiulii.it\/de\/wp-json\/wp\/v2\/product_tag?post=714"},{"taxonomy":"gestione-modulo-di-prenotazione","embeddable":true,"href":"https:\/\/domusiulii.it\/de\/wp-json\/wp\/v2\/gestione-modulo-di-prenotazione?post=714"}],"curies":[{"name":"wp","href":"https:\/\/api.w.org\/{rel}","templated":true}]}}