{"id":1702,"date":"2020-07-07T05:12:21","date_gmt":"2020-07-07T05:12:21","guid":{"rendered":"http:\/\/domusiulii.it\/?post_type=product&#038;p=1702"},"modified":"2026-04-05T10:05:24","modified_gmt":"2026-04-05T10:05:24","slug":"camminata-sul-planino-e-visita-alle-cascate-kot","status":"publish","type":"product","link":"https:\/\/domusiulii.it\/de\/prenotazione\/camminata-sul-planino-e-visita-alle-cascate-kot","title":{"rendered":"Spaziergang auf dem Planino und Besuch der Wasserf\u00e4lle von Kot"},"content":{"rendered":"<p>Wir werden auf einigen der letzten gro\u00dfen gem\u00e4hten Wiesen der Natisone-T\u00e4ler wandern, die eine immer seltener werdende Artenvielfalt beherbergen, und wir werden entdecken, wie die Kastanie es geschafft hat, in den Alltag und in alle Geb\u00e4ude dieser T\u00e4ler einzudringen: von der K\u00fcche bis zu den Scheunen.<br \/>\nWir werden versuchen, die oft unsichtbaren Verbindungen zwischen Mensch und Natur zu verstehen.<\/p>\n<p>Dann gehen wir hinunter zu den \"KotWasserf\u00e4llen\", in einer versteckten Ecke des Erbezzo-Tals.<br \/>\nDer Legende nach befand sich die Stadt Cividale in der N\u00e4he der nahe gelegenen H\u00f6hle Star Cedad, was im lokalen slowenischen Dialekt \"Altes Cividale\" bedeutet. Eine pl\u00f6tzliche \u00dcberschwemmung aus den Eingeweiden dieser H\u00f6hle w\u00fcrde dann die Stadt dorthin bringen, wo sie jetzt ist.<\/p>\n<p>werden Sie von Angelo, einem Naturf\u00fchrer, begleitet, der Sie auf die Entdeckung einer unber\u00fchrten Welt im Kontakt mit der Natur f\u00fchrt.<\/p>\n<p>&nbsp;<\/p>\n<p><strong>Im Preis\/Nicht Im Preis<\/strong><\/p>\n<p><strong>Im Preis:<\/strong><\/p>\n<ul>\n<li>Spaziergang von 2\/3 Stunden.<\/li>\n<\/ul>\n<ul>\n<li>Naturalistischer F\u00fchrer.<\/li>\n<\/ul>\n<ul>\n<li>-----<\/li>\n<\/ul>\n<p><strong>Nicht im Preis:<\/strong><\/p>\n<ul>\n<li>Alles, was nicht ausdr\u00fccklich erw\u00e4hnt wird.<\/li>\n<\/ul>\n<ul>\n<li>Optionale Reiser\u00fccktrittsversicherung.<\/li>\n<\/ul>\n<p><strong>Details:<\/strong><\/p>\n<ul>\n<li>Treffpunkt Piazza Duomo h. 9.00 Uhr<\/li>\n<\/ul>\n<ul>\n<li>Spaziergang<\/li>\n<\/ul>\n<ul>\n<li>Zur\u00fcck<\/li>\n<\/ul>\n<p>Um das Erlebnis in vollen Z\u00fcgen genie\u00dfen zu k\u00f6nnen, empfehlen wir bequeme Kleidung: Wanderschuhe, lange Hosen, Sonnencreme, Wasserflaschen.<\/p>\n<p>Niedriger Schwierigkeitsgrad<\/p>\n<p><strong>Annullierungskosten:<\/strong><\/p>\n<p>&nbsp;<\/p>\n<p>Der Kunde kann bis zu 7 Tage im Voraus kostenfrei stornieren. Bei Stornierungen oder Nichterscheinen nach dieser Frist wird der volle Betrag der Reservierung in Rechnung gestellt.<\/p>\n<p>Wir behalten uns das Recht vor, aus Gr\u00fcnden, die au\u00dferhalb unserer Kontrolle liegen, \u00c4nderungen am Programm vorzunehmen.<\/p>\n<p>Die obligatorische Verwendung der Maske und des H\u00e4ndedesinfektionsgels ist erforderlich.<\/p>\n<p>Im Falle einer leichten Wetterinstabilit\u00e4t wird die Exkursion best\u00e4tigt.<br \/>\nWenn schweres schlechtes Wetter erwartet wird oder aufgrund der Undurchf\u00fchrbarkeit der Strecke, wird die Exkursion abgesagt oder das Programm ge\u00e4ndert.<br \/>\nIn diesem Fall werden Sie per E-Mail oder SMS benachrichtigt.<\/p>","protected":false},"excerpt":{"rendered":"<p>Wir werden auf einigen der letzten gro\u00dfen gem\u00e4hten Wiesen der Natisone-T\u00e4ler wandern, die eine immer seltener werdende Artenvielfalt beherbergen, und wir werden entdecken, wie die Kastanie es geschafft hat, in den Alltag und in alle Geb\u00e4ude dieser T\u00e4ler einzudringen: von der K\u00fcche bis zu den Scheunen.<br \/>\nWir werden versuchen, die oft unsichtbaren Verbindungen zwischen Mensch und Natur zu verstehen.<\/p>\n<p>Dann gehen wir hinunter zu den \"KotWasserf\u00e4llen\", in einer versteckten Ecke des Erbezzo-Tals.<br \/>\nDer Legende nach befand sich die Stadt Cividale in der N\u00e4he der nahe gelegenen H\u00f6hle Star Cedad, was im lokalen slowenischen Dialekt \"Altes Cividale\" bedeutet. Eine pl\u00f6tzliche \u00dcberschwemmung aus den Eingeweiden dieser H\u00f6hle w\u00fcrde dann die Stadt dorthin bringen, wo sie jetzt ist.<\/p>\n<p>werden Sie von Angelo, einem Naturf\u00fchrer, begleitet, der Sie auf die Entdeckung einer unber\u00fchrten Welt im Kontakt mit der Natur f\u00fchrt.<\/p>\n<p>Die Mindestteilnehmerzahl f\u00fcr diese Exkursion betr\u00e4gt 4 Personen. Wenn Sie die Mindestanzahl oder die notwendigen Bedingungen nicht erreichen, werden Sie kontaktiert, um das Erlebnis zu verschieben, oder Sie erhalten eine R\u00fcckerstattung.<\/p>\n<p><strong>Im Preis\/Nicht Im Preis<\/strong><\/p>\n<p><strong>Im Preis:<\/strong><\/p>\n<ul>\n<li>Spaziergang von 2\/3 Stunden.<\/li>\n<\/ul>\n<ul>\n<li>Naturalistischer F\u00fchrer.<\/li>\n<\/ul>\n<ul>\n<li>-----<\/li>\n<\/ul>\n<p><strong>Nicht im Preis:<\/strong><\/p>\n<ul>\n<li>Alles, was nicht ausdr\u00fccklich erw\u00e4hnt wird.<\/li>\n<\/ul>\n<ul>\n<li>Optionale Reiser\u00fccktrittsversicherung.<\/li>\n<\/ul>\n<p><strong>Details:<\/strong><\/p>\n<ul>\n<li>Treffpunkt Piazza Duomo h. 9.00 Uhr<\/li>\n<\/ul>\n<ul>\n<li>Spaziergang<\/li>\n<\/ul>\n<ul>\n<li>Zur\u00fcck<\/li>\n<\/ul>\n<p>Um das Erlebnis in vollen Z\u00fcgen genie\u00dfen zu k\u00f6nnen, empfehlen wir bequeme Kleidung: Wanderschuhe, lange Hosen, Sonnencreme, Wasserflaschen.<\/p>\n<p>Niedriger Schwierigkeitsgrad<\/p>\n<p><strong>Annullierungskosten:<\/strong><\/p>\n<p>\u00a0<\/p>\n<p>Der Kunde kann bis zu 7 Tage im Voraus kostenfrei stornieren. Bei Stornierungen oder Nichterscheinen nach dieser Frist wird der volle Betrag der Reservierung in Rechnung gestellt.<\/p>\n<p>Wir behalten uns das Recht vor, aus Gr\u00fcnden, die au\u00dferhalb unserer Kontrolle liegen, \u00c4nderungen am Programm vorzunehmen.<\/p>\n<p>Die obligatorische Verwendung der Maske und des H\u00e4ndedesinfektionsgels ist erforderlich.<\/p>\n<p>Im Falle einer leichten Wetterinstabilit\u00e4t wird die Exkursion best\u00e4tigt.<br \/>\nWenn schweres schlechtes Wetter erwartet wird oder aufgrund der Undurchf\u00fchrbarkeit der Strecke, wird die Exkursion abgesagt oder das Programm ge\u00e4ndert.<br \/>\nIn diesem Fall werden Sie per E-Mail oder SMS benachrichtigt.<\/p>","protected":false},"featured_media":1714,"comment_status":"open","ping_status":"closed","template":"","meta":[],"product_cat":[29],"product_tag":[],"gestione-modulo-di-prenotazione":[54],"_links":{"self":[{"href":"https:\/\/domusiulii.it\/de\/wp-json\/wp\/v2\/product\/1702"}],"collection":[{"href":"https:\/\/domusiulii.it\/de\/wp-json\/wp\/v2\/product"}],"about":[{"href":"https:\/\/domusiulii.it\/de\/wp-json\/wp\/v2\/types\/product"}],"replies":[{"embeddable":true,"href":"https:\/\/domusiulii.it\/de\/wp-json\/wp\/v2\/comments?post=1702"}],"wp:featuredmedia":[{"embeddable":true,"href":"https:\/\/domusiulii.it\/de\/wp-json\/wp\/v2\/media\/1714"}],"wp:attachment":[{"href":"https:\/\/domusiulii.it\/de\/wp-json\/wp\/v2\/media?parent=1702"}],"wp:term":[{"taxonomy":"product_cat","embeddable":true,"href":"https:\/\/domusiulii.it\/de\/wp-json\/wp\/v2\/product_cat?post=1702"},{"taxonomy":"product_tag","embeddable":true,"href":"https:\/\/domusiulii.it\/de\/wp-json\/wp\/v2\/product_tag?post=1702"},{"taxonomy":"gestione-modulo-di-prenotazione","embeddable":true,"href":"https:\/\/domusiulii.it\/de\/wp-json\/wp\/v2\/gestione-modulo-di-prenotazione?post=1702"}],"curies":[{"name":"wp","href":"https:\/\/api.w.org\/{rel}","templated":true}]}}