{"id":1701,"date":"2020-07-07T05:08:05","date_gmt":"2020-07-07T05:08:05","guid":{"rendered":"http:\/\/domusiulii.it\/?post_type=product&#038;p=1701"},"modified":"2026-04-05T10:06:12","modified_gmt":"2026-04-05T10:06:12","slug":"camminata-tra-le-trincee-del-kolovrat","status":"publish","type":"product","link":"https:\/\/domusiulii.it\/de\/prenotazione\/camminata-tra-le-trincee-del-kolovrat","title":{"rendered":"Spaziergang durch die Gr\u00e4ben von Kolovrat"},"content":{"rendered":"<p>Wir beginnen unseren Spaziergang vor dem Denkmal f\u00fcr den ersten italienischen Soldaten, der im Ersten Weltkrieg gefallen ist. Entlang der Front, die w\u00e4hrend der Caporetto-Route durchbrochen wurde, werden wir uns an die Taten Rommels erinnern und die Schritte der italienischen und \u00f6sterreichisch-deutschen Soldaten nachvollziehen, die hier k\u00e4mpften. Wir werden die Gr\u00e4ben betreten, in denen sie lebten und von denen aus wir einen Blick auf das Isonzo-Tal und den Monte Nero werfen k\u00f6nnen.<\/p>\n<p>Durch Tunnels und Maschinengewehrstellungen werden wir die Orte der dritten zentralitalienischen Linie in der Schlacht, die zwischen dem 24. und 26. Oktober 1917 stattfand, entdecken.<\/p>\n<p>Auf diesem Spaziergang in die Vergangenheit werden Sie von Nico, einem diplomierten Geschichtswissenschaftler, begleitet, der mit dem Proloco der Valli del Natisone zusammenarbeitet, der in der Gegend aktiv ist, um den Zauber einer unber\u00fchrten Welt zu entdecken.<\/p>\n<p>&nbsp;<\/p>\n<p><strong>Im Preis\/Nicht Im Preis<\/strong><\/p>\n<p><strong>Im Preis:<\/strong><\/p>\n<ul>\n<li>Spaziergang von etwa 2 Stunden.<\/li>\n<\/ul>\n<ul>\n<li>Historischer F\u00fchrer.<\/li>\n<\/ul>\n<ul>\n<li>-----<\/li>\n<\/ul>\n<p><strong>Nicht im Preis:<\/strong><\/p>\n<ul>\n<li>Alles, was nicht ausdr\u00fccklich erw\u00e4hnt wird.<\/li>\n<\/ul>\n<ul>\n<li>Optionale Reiser\u00fccktrittsversicherung.<\/li>\n<\/ul>\n<p><strong>Details:<\/strong><\/p>\n<ul>\n<li>Treffpunkt Piazza Duomo h. 9.00 Uhr<\/li>\n<\/ul>\n<ul>\n<li>Spaziergang<\/li>\n<\/ul>\n<ul>\n<li>Zur\u00fcck<\/li>\n<\/ul>\n<p>Um das Erlebnis in vollen Z\u00fcgen genie\u00dfen zu k\u00f6nnen, empfehlen wir bequeme Kleidung: Wanderschuhe, lange Hosen, Sonnencreme, Wasserflaschen.<\/p>\n<p>Niedriger Schwierigkeitsgrad<\/p>\n<p><strong>Annullierungskosten:<\/strong><\/p>\n<p>&nbsp;<\/p>\n<p>Der Kunde kann bis zu 7 Tage im Voraus kostenfrei stornieren. Bei Stornierungen oder Nichterscheinen nach dieser Frist wird der volle Betrag der Reservierung in Rechnung gestellt.<\/p>\n<p>Dies ist eine Erfahrung, die f\u00fcr Sie bestimmt ist, aber wir sind offen f\u00fcr alle \u00c4nderungen, um Ihren Bed\u00fcrfnissen gerecht zu werden.<\/p>\n<p>Wir behalten uns das Recht vor, aus Gr\u00fcnden, die au\u00dferhalb unserer Kontrolle liegen, \u00c4nderungen am Programm vorzunehmen.<\/p>\n<p>Die Verwendung der Maske ist  erforderlich.<\/p>\n<p>Im Falle einer leichten Wetterinstabilit\u00e4t wird die Exkursion best\u00e4tigt.<br \/>\nWenn schweres schlechtes Wetter erwartet wird oder aufgrund der Undurchf\u00fchrbarkeit der Strecke, wird die Exkursion abgesagt oder das Programm ge\u00e4ndert.<br \/>\nIn diesem Fall werden Sie per E-Mail oder SMS benachrichtigt.<\/p>","protected":false},"excerpt":{"rendered":"<p>Wir beginnen unseren Spaziergang vor dem Denkmal f\u00fcr den ersten italienischen Soldaten, der im Ersten Weltkrieg gefallen ist. Entlang der Front, die w\u00e4hrend der Caporetto-Route durchbrochen wurde, werden wir uns an die Taten Rommels erinnern und die Schritte der italienischen und \u00f6sterreichisch-deutschen Soldaten nachvollziehen, die hier k\u00e4mpften. Wir werden die Gr\u00e4ben betreten, in denen sie lebten und von denen aus wir einen Blick auf das Isonzo-Tal und den Monte Nero werfen k\u00f6nnen.<\/p>\n<p>Durch Tunnels und Maschinengewehrstellungen werden wir die Orte der dritten zentralitalienischen Linie in der Schlacht, die zwischen dem 24. und 26. Oktober 1917 stattfand, entdecken.<\/p>\n<p>Auf diesem Spaziergang in die Vergangenheit werden Sie von Nico, einem diplomierten Geschichtswissenschaftler, begleitet, der mit dem Proloco der Valli del Natisone zusammenarbeitet, der in der Gegend aktiv ist, um den Zauber einer unber\u00fchrten Welt zu entdecken.<\/p>\n<p>Die Mindestteilnehmerzahl f\u00fcr diese Exkursion betr\u00e4gt 4 Personen. Wenn Sie die Mindestanzahl oder die notwendigen Bedingungen nicht erreichen, werden Sie kontaktiert, um das Erlebnis zu verschieben, oder Sie erhalten eine R\u00fcckerstattung.<\/p>\n<p>\u00a0<\/p>\n<p>\u00a0<\/p>\n<p><strong>Im Preis\/Nicht Im Preis<\/strong><\/p>\n<p><strong>Im Preis:<\/strong><\/p>\n<ul>\n<li>Spaziergang von etwa 2 Stunden.<\/li>\n<\/ul>\n<ul>\n<li>Historischer F\u00fchrer.<\/li>\n<\/ul>\n<ul>\n<li>-----<\/li>\n<\/ul>\n<p><strong>Nicht im Preis:<\/strong><\/p>\n<ul>\n<li>Alles, was nicht ausdr\u00fccklich erw\u00e4hnt wird.<\/li>\n<\/ul>\n<ul>\n<li>Optionale Reiser\u00fccktrittsversicherung.<\/li>\n<\/ul>\n<p><strong>Details:<\/strong><\/p>\n<ul>\n<li>Treffpunkt Piazza Duomo h. 9.00 Uhr<\/li>\n<\/ul>\n<ul>\n<li>Spaziergang<\/li>\n<\/ul>\n<ul>\n<li>Zur\u00fcck<\/li>\n<\/ul>\n<p>Um das Erlebnis in vollen Z\u00fcgen genie\u00dfen zu k\u00f6nnen, empfehlen wir bequeme Kleidung: Wanderschuhe, lange Hosen, Sonnencreme, Wasserflaschen.<\/p>\n<p>Niedriger Schwierigkeitsgrad<\/p>\n<p><strong>Annullierungskosten:<\/strong><\/p>\n<p>\u00a0<\/p>\n<p>Der Kunde kann bis zu 7 Tage im Voraus kostenfrei stornieren. Bei Stornierungen oder Nichterscheinen nach dieser Frist wird der volle Betrag der Reservierung in Rechnung gestellt.<\/p>\n<p>Dies ist eine Erfahrung, die f\u00fcr Sie bestimmt ist, aber wir sind offen f\u00fcr alle \u00c4nderungen, um Ihren Bed\u00fcrfnissen gerecht zu werden.<\/p>\n<p>Wir behalten uns das Recht vor, aus Gr\u00fcnden, die au\u00dferhalb unserer Kontrolle liegen, \u00c4nderungen am Programm vorzunehmen.<\/p>\n<p>Die Verwendung der Maske ist  erforderlich.<\/p>\n<p>Im Falle einer leichten Wetterinstabilit\u00e4t wird die Exkursion best\u00e4tigt.<br \/>\nWenn schweres schlechtes Wetter erwartet wird oder aufgrund der Undurchf\u00fchrbarkeit der Strecke, wird die Exkursion abgesagt oder das Programm ge\u00e4ndert.<br \/>\nIn diesem Fall werden Sie per E-Mail oder SMS benachrichtigt.<\/p>","protected":false},"featured_media":1718,"comment_status":"open","ping_status":"closed","template":"","meta":[],"product_cat":[29],"product_tag":[],"gestione-modulo-di-prenotazione":[54],"_links":{"self":[{"href":"https:\/\/domusiulii.it\/de\/wp-json\/wp\/v2\/product\/1701"}],"collection":[{"href":"https:\/\/domusiulii.it\/de\/wp-json\/wp\/v2\/product"}],"about":[{"href":"https:\/\/domusiulii.it\/de\/wp-json\/wp\/v2\/types\/product"}],"replies":[{"embeddable":true,"href":"https:\/\/domusiulii.it\/de\/wp-json\/wp\/v2\/comments?post=1701"}],"wp:featuredmedia":[{"embeddable":true,"href":"https:\/\/domusiulii.it\/de\/wp-json\/wp\/v2\/media\/1718"}],"wp:attachment":[{"href":"https:\/\/domusiulii.it\/de\/wp-json\/wp\/v2\/media?parent=1701"}],"wp:term":[{"taxonomy":"product_cat","embeddable":true,"href":"https:\/\/domusiulii.it\/de\/wp-json\/wp\/v2\/product_cat?post=1701"},{"taxonomy":"product_tag","embeddable":true,"href":"https:\/\/domusiulii.it\/de\/wp-json\/wp\/v2\/product_tag?post=1701"},{"taxonomy":"gestione-modulo-di-prenotazione","embeddable":true,"href":"https:\/\/domusiulii.it\/de\/wp-json\/wp\/v2\/gestione-modulo-di-prenotazione?post=1701"}],"curies":[{"name":"wp","href":"https:\/\/api.w.org\/{rel}","templated":true}]}}