{"id":1465,"date":"2020-06-25T07:23:08","date_gmt":"2020-06-25T07:23:08","guid":{"rendered":"http:\/\/domusiulii.it\/?post_type=product&#038;p=1465"},"modified":"2026-04-05T10:01:55","modified_gmt":"2026-04-05T10:01:55","slug":"anima-e-cera","status":"publish","type":"product","link":"https:\/\/domusiulii.it\/de\/prenotazione\/anima-e-cera","title":{"rendered":"Anima e Cera"},"content":{"rendered":"<p>Je nachdem, was Sie schaffen, ist es wichtig, dass  Sie sich fragen:<br \/>\n\"Gie\u00dfe ich meine ganze Seele in das ein, was ich schaffe?\".<br \/>\nIn dieser wirkungsvollen Formulierung erkennt Margherita die gro\u00dfe Rolle an, die Inspiration und Leidenschaft beim sch\u00f6pferischen Akt spielen.<br \/>\nIhr Wert als Goldschmiedin liegt gerade darin, einzigartige Objekte zum Leben zu erwecken, in denen Einfallsreichtum, Erfahrung und Sorgfalt konzentriert sind, die sich in siebenundzwanzig Jahren Erfahrung vereinen.<br \/>\nJedes St\u00fcck ist so einzigartig wie sein Tr\u00e4ger.<\/p>\n<p>Ed \u00e8 proprio la passione di Margherita e le sue mani che vi conduranno in quest&#8217;esperienza; la Microfusione in cera persa \u00e8 lo stampaggio delle cere, essa viene iniettata in appositi stampi che danno alla cera stessa la forma dell&#8217;oggetto da riprodurre. Porterete a casa il soggetto in cera che avrete prodotto, oppure in accordo con Margherita vi sar\u00e0 recapitato a casa il pezzo finito.<\/p>\n<p>Im Preis:<\/p>\n<p>&#8211; ingresso in laboratorio attivo<\/p>\n<p>Nicht im Preis:<\/p>\n<p>&#8211; tutto ci\u00f2 che non \u00e8 espressamente menzionato<\/p>\n<p>Details:<\/p>\n<p>&#8211; ingresso in laboratorio h. 13.00 (prima fascia oraria)<\/p>\n<p>&#8211; ingresso in laboratorio h. 14.30 (seconda fascia oraria)<\/p>\n<p>Le esperienze vengono fatte il marted\u00ec ed il giovedi dalle h.13.00 alle h. 14.00, e dalle h. 14.30 alle h. 15.30.<\/p>\n<p>Comunicateci la fascia oraria (tra le due), che preferite<\/p>\n<p>Per godere al meglio dell&#8217;esperienza si consiglia un abbigliamento comodo<\/p>\n<p>Niedriger Schwierigkeitsgrad<\/p>\n<p>Costi di cancellazione: il cliente pu\u00f2 cancellare gratuitamente fino a 7 giorni prima. Per le cancellazioni o mancate presentazioni oltre il suddetto termine verr\u00e0 addebitato l&#8217;intero importo della prenotazione.<\/p>\n<p>Dies ist eine Erfahrung, die f\u00fcr Sie bestimmt ist, aber wir sind offen f\u00fcr alle \u00c4nderungen, um Ihren Bed\u00fcrfnissen gerecht zu werden.<\/p>\n<p>Wir behalten uns das Recht vor, aus Gr\u00fcnden, die au\u00dferhalb unserer Kontrolle liegen, \u00c4nderungen am Programm vorzunehmen.<\/p>\n<p>Die Verwendung der Maske ist  erforderlich.<\/p>","protected":false},"excerpt":{"rendered":"<p>Je nachdem, was Sie schaffen, ist es wichtig, dass  Sie sich fragen:<\/p>\n<p>\"Gie\u00dfe ich meine ganze Seele in das ein, was ich schaffe?\".<\/p>\n<p>In dieser wirkungsvollen Formulierung erkennt Margherita die gro\u00dfe Rolle an, die Inspiration und Leidenschaft beim sch\u00f6pferischen Akt spielen.<br \/>\nIhr Wert als Goldschmiedin liegt gerade darin, einzigartige Objekte zum Leben zu erwecken, in denen Einfallsreichtum, Erfahrung und Sorgfalt konzentriert sind, die sich in siebenundzwanzig Jahren Erfahrung vereinen.<br \/>\nJedes St\u00fcck ist so einzigartig wie sein Tr\u00e4ger.<\/p>\n<p>&nbsp;<\/p>\n<p>Und es ist genau Margheritas Leidenschaft und ihre H\u00e4nde, die Sie zu dieser Erfahrung f\u00fchren werden; die Mikrofusion aus verlorenem Wachs ist das Gie\u00dfen von Wachsen, es wird in spezielle Formen gespritzt, die dem Wachs selbst die Form des zu reproduzierenden Objekts geben.<br \/>\nSie nehmen das von Ihnen gefertigte Thema in Wachs mit nach Hause, oder Sie bekommen in Absprache mit Margherita das fertige St\u00fcck nach Hause geliefert.<\/p>\n<p><strong>Im Preis\/Nicht Im Preis<\/strong><\/p>\n<p><strong>Im Preis:<\/strong><\/p>\n<ul>\n<li>Aktiver Zugang zum Labor.<\/li>\n<\/ul>\n<ul>\n<li>-----<\/li>\n<\/ul>\n<p><strong>Nicht im Preis:<\/strong><\/p>\n<ul>\n<li>Alles, was nicht ausdr\u00fccklich erw\u00e4hnt wird.<\/li>\n<\/ul>\n<ul>\n<li>Optionale Reiser\u00fccktrittsversicherung.<\/li>\n<\/ul>\n<p><strong>Details:<\/strong><\/p>\n<ul>\n<li>Eingang zum Labor um 13.00 Uhr (erstes Zeitfenster)<\/li>\n<li>Einlass in das Labor um 14.30 Uhr (zweites Zeitfenster)<\/li>\n<\/ul>\n<p>Erfahrungen werden dienstags und donnerstags von h. 13.00 bis h. 14.00 und von h. 14.30 bis h. 15.30 gemacht. Nennen Sie uns das Zeitfenster (zwischen den beiden), das Sie bevorzugen!<\/p>\n<p>Um das Erlebnis in vollen Z\u00fcgen genie\u00dfen zu k\u00f6nnen, empfehlen wir bequeme Kleidung.<\/p>\n<p>Niedriger Schwierigkeitsgrad<\/p>\n<p><strong>Annullierungskosten:<\/strong><\/p>\n<p>&nbsp;<\/p>\n<p>Der Kunde kann bis zu 7 Tage im Voraus kostenfrei stornieren. Bei Stornierungen oder Nichterscheinen nach dieser Frist wird der volle Betrag der Reservierung in Rechnung gestellt.<\/p>\n<p>Dies ist eine Erfahrung, die f\u00fcr Sie bestimmt ist, aber wir sind offen f\u00fcr alle \u00c4nderungen, um Ihren Bed\u00fcrfnissen gerecht zu werden.<\/p>\n<p>Wir behalten uns das Recht vor, aus Gr\u00fcnden, die au\u00dferhalb unserer Kontrolle liegen, \u00c4nderungen am Programm vorzunehmen.<\/p>\n<p>Die Verwendung der Maske ist  erforderlich.<\/p>","protected":false},"featured_media":1452,"comment_status":"open","ping_status":"closed","template":"","meta":[],"product_cat":[29],"product_tag":[],"gestione-modulo-di-prenotazione":[54],"_links":{"self":[{"href":"https:\/\/domusiulii.it\/de\/wp-json\/wp\/v2\/product\/1465"}],"collection":[{"href":"https:\/\/domusiulii.it\/de\/wp-json\/wp\/v2\/product"}],"about":[{"href":"https:\/\/domusiulii.it\/de\/wp-json\/wp\/v2\/types\/product"}],"replies":[{"embeddable":true,"href":"https:\/\/domusiulii.it\/de\/wp-json\/wp\/v2\/comments?post=1465"}],"wp:featuredmedia":[{"embeddable":true,"href":"https:\/\/domusiulii.it\/de\/wp-json\/wp\/v2\/media\/1452"}],"wp:attachment":[{"href":"https:\/\/domusiulii.it\/de\/wp-json\/wp\/v2\/media?parent=1465"}],"wp:term":[{"taxonomy":"product_cat","embeddable":true,"href":"https:\/\/domusiulii.it\/de\/wp-json\/wp\/v2\/product_cat?post=1465"},{"taxonomy":"product_tag","embeddable":true,"href":"https:\/\/domusiulii.it\/de\/wp-json\/wp\/v2\/product_tag?post=1465"},{"taxonomy":"gestione-modulo-di-prenotazione","embeddable":true,"href":"https:\/\/domusiulii.it\/de\/wp-json\/wp\/v2\/gestione-modulo-di-prenotazione?post=1465"}],"curies":[{"name":"wp","href":"https:\/\/api.w.org\/{rel}","templated":true}]}}