{"id":1370,"date":"2020-06-06T08:51:24","date_gmt":"2020-06-06T08:51:24","guid":{"rendered":"http:\/\/domusiulii.it\/?post_type=product&#038;p=1370"},"modified":"2026-04-05T10:07:02","modified_gmt":"2026-04-05T10:07:02","slug":"il-vino-e-piacere","status":"publish","type":"product","link":"https:\/\/domusiulii.it\/de\/prenotazione\/il-vino-e-piacere","title":{"rendered":"Il vino \u00e9 piacere"},"content":{"rendered":"<p>Der Tag ist der Verkostung und dem Kennenlernen eines der ausgezeichneten Produkte unseres Territoriums gewidmet: dem Wein.<br \/>\nSie werden das Herz des Unternehmens betreten, Ihre Sinne werden berauscht sein von den Ger\u00fcchen und Geschm\u00e4ckern, die dieses Produkt auf Sie \u00fcbertragen wird. In jedem Glas, das Sie kosten werden, finden Sie die ganze Leidenschaft, die Liebe und den Respekt f\u00fcr diese L\u00e4nder.<\/p>\n<p>Visiterete la cantina, il territorio e nel periodo della vendemmia potrete vedere la lavorazione dal taglio del grappolo d&#8217;uva al suo ingresso in cantina. Tutto questo assieme a Stefano, titolare della cantina Norina Pez, che ha preso in mano le redini aziendali, coniugando passato e futuro con la tradizione e\u00a0l&#8217;innovazione per portare sempre pi\u00f9 in alto la cantina e i propri vini.<\/p>\n<p>Im Preis:<\/p>\n<p>&#8211; ingresso cantina con degustazione<\/p>\n<p>&#8211; tour vigne<\/p>\n<p>&#8211; assicurazione<\/p>\n<p>Nicht im Preis:<\/p>\n<p>&#8211; tutto ci\u00f2 che non \u00e8 espressamente menzionato.<\/p>\n<p>Details:<\/p>\n<p>&#8211; visita cantine e tour\u00a0 h.10.00<\/p>\n<p>Per godere al meglio dell&#8217;esperienza si consiglia un abbigliamento comodo<\/p>\n<p>Niedriger Schwierigkeitsgrad<\/p>\n<p>Costi di cancellazione: il cliente pu\u00f2 cancellare gratuitamente fino a 7 giorni prima. Per le cancellazioni o mancate presentazioni oltre il suddetto termine verr\u00e0 addebitato l&#8217;intero importo della prenotazione.<\/p>\n<p>Dies ist eine Erfahrung, die f\u00fcr Sie bestimmt ist, aber wir sind offen f\u00fcr alle \u00c4nderungen, um Ihren Bed\u00fcrfnissen gerecht zu werden.<\/p>\n<p>Wir behalten uns das Recht vor, aus Gr\u00fcnden, die au\u00dferhalb unserer Kontrolle liegen, \u00c4nderungen am Programm vorzunehmen.<\/p>","protected":false},"excerpt":{"rendered":"<p>Der Tag ist der Verkostung und dem Kennenlernen eines der ausgezeichneten Produkte unseres Territoriums gewidmet: dem Wein.<br \/>\nSie werden das Herz des Unternehmens betreten, Ihre Sinne werden berauscht sein von den Ger\u00fcchen und Geschm\u00e4ckern, die dieses Produkt auf Sie \u00fcbertragen wird. In jedem Glas, das Sie kosten werden, finden Sie die ganze Leidenschaft, die Liebe und den Respekt f\u00fcr diese L\u00e4nder.<\/p>\n<p>Sie besichtigen die Weinkellerei, das Territorium und w\u00e4hrend der Erntezeit sehen Sie die Verarbeitung vom Schnitt der Trauben bis zum Eingang in den Keller. All dies zusammen mit Stefano, dem Eigent\u00fcmer der Weinkellerei Norina Pez, der die Z\u00fcgel des Unternehmens \u00fcbernommen hat. Er verbindet Vergangenheit und Zukunft mit Tradition und Innovation, um die Weinkellerei und ihre Weine immer h\u00f6her zu bringen.<\/p>\n<p>Die Mindestteilnehmerzahl f\u00fcr diese Exkursion betr\u00e4gt 4 Personen. Wenn Sie die Mindestanzahl oder die notwendigen Bedingungen nicht erreichen, werden Sie kontaktiert, um das Erlebnis zu verschieben, oder Sie erhalten eine R\u00fcckerstattung.<\/p>\n<p><strong>Im Preis\/Nicht Im Preis<\/strong><\/p>\n<p><strong>Im Preis:<\/strong><\/p>\n<ul>\n<li>Transport hin und her B&amp;B - Keller<\/li>\n<li>Kellereingang mit Verkostung und Besichtigung<\/li>\n<li>Versicherung<\/li>\n<\/ul>\n<p><strong>Nicht im Preis:<\/strong><\/p>\n<ul>\n<li>Alles, was nicht ausdr\u00fccklich erw\u00e4hnt wird.<\/li>\n<\/ul>\n<ul>\n<li>assicurazione annullamento facoltativa.<\/li>\n<\/ul>\n<p>&nbsp;<\/p>\n<p><strong>Details:<\/strong><\/p>\n<ul>\n<li>Treffpunkt Piazza Duomo h. 9.30 Uhr<\/li>\n<li>Besichtigung der Kellereien und Rundgang h.10.00<\/li>\n<li>Zur\u00fcckfahrt<\/li>\n<\/ul>\n<p>Um das Erlebnis in vollen Z\u00fcgen genie\u00dfen zu k\u00f6nnen, empfehlen wir bequeme Kleidung.<\/p>\n<p>Niedriger Schwierigkeitsgrad<\/p>\n<p><strong>Annullierungskosten:<\/strong><\/p>\n<p>Der Kunde kann bis zu 7 Tage im Voraus kostenfrei stornieren. Bei Stornierungen oder Nichterscheinen nach dieser Frist wird der volle Betrag der Reservierung in Rechnung gestellt.<\/p>\n<p>Dies ist eine Erfahrung, die f\u00fcr Sie bestimmt ist, aber wir sind offen f\u00fcr alle \u00c4nderungen, um Ihren Bed\u00fcrfnissen gerecht zu werden.<\/p>\n<p>Wir behalten uns das Recht vor, aus Gr\u00fcnden, die au\u00dferhalb unserer Kontrolle liegen, \u00c4nderungen am Programm vorzunehmen.<\/p>","protected":false},"featured_media":1371,"comment_status":"open","ping_status":"closed","template":"","meta":[],"product_cat":[29],"product_tag":[],"gestione-modulo-di-prenotazione":[54],"_links":{"self":[{"href":"https:\/\/domusiulii.it\/de\/wp-json\/wp\/v2\/product\/1370"}],"collection":[{"href":"https:\/\/domusiulii.it\/de\/wp-json\/wp\/v2\/product"}],"about":[{"href":"https:\/\/domusiulii.it\/de\/wp-json\/wp\/v2\/types\/product"}],"replies":[{"embeddable":true,"href":"https:\/\/domusiulii.it\/de\/wp-json\/wp\/v2\/comments?post=1370"}],"wp:featuredmedia":[{"embeddable":true,"href":"https:\/\/domusiulii.it\/de\/wp-json\/wp\/v2\/media\/1371"}],"wp:attachment":[{"href":"https:\/\/domusiulii.it\/de\/wp-json\/wp\/v2\/media?parent=1370"}],"wp:term":[{"taxonomy":"product_cat","embeddable":true,"href":"https:\/\/domusiulii.it\/de\/wp-json\/wp\/v2\/product_cat?post=1370"},{"taxonomy":"product_tag","embeddable":true,"href":"https:\/\/domusiulii.it\/de\/wp-json\/wp\/v2\/product_tag?post=1370"},{"taxonomy":"gestione-modulo-di-prenotazione","embeddable":true,"href":"https:\/\/domusiulii.it\/de\/wp-json\/wp\/v2\/gestione-modulo-di-prenotazione?post=1370"}],"curies":[{"name":"wp","href":"https:\/\/api.w.org\/{rel}","templated":true}]}}